{"id":974,"date":"2024-05-01T07:12:30","date_gmt":"2024-05-01T11:12:30","guid":{"rendered":"http:\/\/portfolio-pre.uqac.ca\/vincentarnaud\/?page_id=974"},"modified":"2025-09-15T11:51:32","modified_gmt":"2025-09-15T15:51:32","slug":"financements","status":"publish","type":"page","link":"https:\/\/portfolio.uqac.ca\/vincentarnaud\/financements\/","title":{"rendered":"Financements"},"content":{"rendered":"<ul style=\"list-style-type: square\">\n<li><strong>2025-2027 : Necropop : Les morts nous parlent<\/strong><br \/>\nOrganisme : <a href=\"https:\/\/rsn.quebec\/\" target=\"_blank\" rel=\"noopener\">R\u00e9seau Sant\u00e9 Num\u00e9rique<\/a> (RSN)<br \/>\nSubvention accord\u00e9e : 40 000 CA$<br \/>\nPorteur du projet : Simon Girard (UQAC)<br \/>\nCo-chercheurs : Arnaud Montreuil (UQAC), Luke Anderson-Trocm\u00e9 (Universit\u00e9 de Montr\u00e9al), Pascal Fortin (UQAC) et Vincent Arnaud<\/li>\n<li><strong>2024-2026 : Non-linear phenomena\u00a0 and\u00a0 emotional\u00a0 encoding\u00a0 in\u00a0 great\u00a0 ape\u00a0 vocalisations<\/strong><br \/>\nOrganisme : <a href=\"https:\/\/www.ixxi.fr\/\" target=\"_blank\" rel=\"noopener\">Institut rh\u00f4nalpin des syst\u00e8mes complexes<\/a> (IXXI)<br \/>\nSubvention accord\u00e9e : 5 000 \u20ac<br \/>\nPorteuse du projet : Florence Levr\u00e9ro (Saint-\u00c9tienne)<br \/>\nCo-chercheurs : Fran\u00e7ois Pellegrino (Lyon), Christophe Coup\u00e9 (HKU) et Vincent Arnaud<\/li>\n<li><strong>2024-2027 : Centre de recherche interuniversitaire sur les humanit\u00e9s num\u00e9riques (CRIHN)<\/strong><br \/>\nOrganisme : Fonds de recherche du Qu\u00e9bec \u2013 Soci\u00e9t\u00e9 et culture (FRQ-SC) (Programme Regroupements strat\u00e9giques en \u00e9mergence)<br \/>\nSubvention accord\u00e9e\u00a0: 420 000 CA$ (FRQ-SC) et 330 000 CA$ (partenaires institutionnels dont l&#8217;UQAC)<br \/>\nResponsable du regroupement : Michael Eberle-Sinatra (Universit\u00e9 de Montr\u00e9al)<br \/>\n71 co-chercheurs parmi lesquels Vincent Arnaud et Kevin Bouchard (UQAC)<\/li>\n<li><strong>2024-2026 : \u00a0La voix des monts, toponymie et variation phon\u00e9tique<\/strong><br \/>\nOrganisme : Fondation de l\u2019UQAC (Programme de subventions r\u00e9guli\u00e8res)<br \/>\nSubvention accord\u00e9e\u00a0: 9 716, 20 CA$<br \/>\nResponsable : Vincent Arnaud<br \/>\nCo-chercheur : Simon Girard (UQAC)<\/li>\n<li><strong>2023-2024 : <a href=\"https:\/\/www.uqac.ca\/carrefour\/fonds\/#recipiendaires-premiere-edition\" target=\"_blank\" rel=\"noopener\">As-tu ton badge ?<\/a><\/strong><br \/>\nOrganisme : Fonds de d\u00e9veloppement de la p\u00e9dagogie universitaire, UQAC<br \/>\nSubvention accord\u00e9e\u00a0: 5 000 CA$<br \/>\nResponsable : Vincent Arnaud<br \/>\nCo-chercheur : \u00c9ric No\u00ebl (UQAC)<\/li>\n<li><strong>2020-2021 : <a href=\"https:\/\/aslan.universite-lyon.fr\/projets-finances-par-aslan\/projet-vivace-196936.kjsp\" target=\"_blank\" rel=\"noopener\">VIVaCE<\/a> : Valeurs Indexicales de la VAriation et Cognition sociale\u00a0: \u00e9tude d\u00e9veloppementale des attitudes linguistiques Enfantines<\/strong><br \/>\nOrganisme : Laboratoire d&#8217;excellence <a href=\"https:\/\/aslan.universite-lyon.fr\/\" target=\"_blank\" rel=\"noopener\">ASLAN<\/a>, CNRS (Universit\u00e9 de Lyon, France)<br \/>\nSubvention accord\u00e9e\u00a0: 7 685 \u20ac<br \/>\nResponsables : Anna Ghimenton (Lyon) et Vincent Arnaud<br \/>\nCo-chercheuse :\u00a0Amelia Lambelet<\/li>\n<li><strong>2020-2021 : Developing Software for Teaching Natural Language Processing and Digital Humanities<\/strong><br \/>\nOrganisme : Centre for the Enhancement of Teaching and Learning, Hong Kong University<br \/>\nSubvention accord\u00e9e\u00a0: 92 380 HK$<br \/>\nResponsable : Christophe Coup\u00e9 (HKU)<br \/>\nCo-chercheur : Vincent Arnaud<\/li>\n<li><strong>2019-2020 : D\u00e9veloppement d\u2019un prototype d\u2019extraction automatique de mots-cl\u00e9s des m\u00e9moires et des th\u00e8ses : un outil au service d\u2019une communaut\u00e9 universitaire<\/strong><br \/>\nOrganisme : <abbr title=\"Conseil de Recherches en Sciences Humaines du Canada\">CRSH<\/abbr> (programme de Subvention institutionnelle sur les humanit\u00e9s num\u00e9riques)<br \/>\nSubvention accord\u00e9e : 7 000 CA$<br \/>\nResponsable : Vincent Arnaud<br \/>\nCo-chercheurs : K\u00e9vin Bouchard (UQAC) et S\u00e9bastien Gaboury (UQAC)<\/li>\n<li><strong>2017-2018 : Appui financier \u00e0 l&#8217;organisation du workshop interdisciplinaire<a href=\"https:\/\/poplang.sciencesconf.org\/\" target=\"_blank\" rel=\"noopener\"> <em>Poplang &#8211; Population effects on languages<\/em><\/a> (novembre 2017, Lyon, France)<\/strong><br \/>\nOrganisme\u00a0: Subvention sp\u00e9ciale de soutien (Programme de soutien au d\u00e9veloppement de la recherche et cr\u00e9ation de l\u2019UQAC)<br \/>\nSubvention accord\u00e9e\u00a0: 1 500 CA$<br \/>\nResponsable : Vincent Arnaud<\/li>\n<li><strong>2016-2017 : <a href=\"https:\/\/aslan.universite-lyon.fr\/projets\/projet-adyn-bonobo-37919.kjsp\" target=\"_blank\" rel=\"noopener\">ADYN-BONOBO<\/a> : Analyse dynamique des vocalisations du bonobo (<em>Pan paniscus<\/em>)<\/strong><br \/>\nOrganisme : Laboratoire d&#8217;excellence <a href=\"https:\/\/aslan.universite-lyon.fr\/\" target=\"_blank\" rel=\"noopener\">ASLAN<\/a>, CNRS (Universit\u00e9 de Lyon, France)<br \/>\nSubvention accord\u00e9e\u00a0: 5 000 \u20ac<br \/>\nPorteuse du projet :\u00a0Florence Levr\u00e9ro (Saint-\u00c9tienne)<br \/>\nCo-chercheurs : Fran\u00e7ois Pellegrino (Lyon) et Vincent Arnaud<\/li>\n<li><strong>2012-2013\u00a0: Phon\u00e9tique et Moodle<\/strong><br \/>\nOrganisme\u00a0: Fonds d\u2019enseignement m\u00e9diatis\u00e9, UQAC<br \/>\nSubvention accord\u00e9e\u00a0: 3 000 CA$<br \/>\nResponsable\u00a0: Vincent Arnaud<\/li>\n<li><strong>2010-2013\u00a0: Caract\u00e9ristiques acoustiques des voyelles orales qu\u00e9b\u00e9coises<\/strong><br \/>\nOrganisme\u00a0: <abbr title=\"Fonds qu\u00e9b\u00e9cois de la recherche sur la soci\u00e9t\u00e9 et la culture\">FQRSC<\/abbr> (Programme \u00e9tablissement de nouveaux professeurs-chercheurs)<br \/>\nSubvention accord\u00e9e\u00a0: 39 600 CA$<br \/>\nResponsable\u00a0: Vincent Arnaud<\/li>\n<li><strong>2011-2012\u00a0: Num\u00e9risation d\u2019une base de donn\u00e9es sonore r\u00e9gionale<\/strong><br \/>\nOrganisme\u00a0: Subvention sp\u00e9ciale de soutien (Programme d\u2019aide institutionnelle \u00e0 la recherche de l\u2019UQAC)<br \/>\nSubvention accord\u00e9e\u00a0: 500 CA$<br \/>\nResponsables\u00a0: Vincent Arnaud et Jean Dolbec<\/li>\n<li><strong>2011-2012\u00a0: Identification interindividuelle au moyen du chant chez la Paruline \u00e0 gorge grise (renouvellement)<\/strong><br \/>\nOrganisme\u00a0: Fondation de l\u2019UQAC (Programme de subventions r\u00e9guli\u00e8res)<br \/>\nSubvention accord\u00e9e\u00a0: 10 650 CA$<br \/>\nResponsable\u00a0: Jacques Ibarzabal<br \/>\nCo-chercheur\u00a0: Vincent Arnaud<\/li>\n<li><strong>2010-2011\u00a0: Identification interindividuelle au moyen du chant chez la Paruline \u00e0 gorge grise<\/strong><br \/>\nOrganisme\u00a0: Fondation de l\u2019UQAC (Programme de subventions r\u00e9guli\u00e8res)<br \/>\nSubvention accord\u00e9e\u00a0: 8 000 CA$<br \/>\nResponsable\u00a0: Jacques Ibarzabal<br \/>\nCo-chercheur\u00a0: Vincent Arnaud<\/li>\n<li><strong>2009-2010\u00a0: Caract\u00e9risation acoustique des voyelles \/i\/, \/y\/ et \/u\/ en usage au Qu\u00e9bec\u00a0: une \u00e9tude pr\u00e9liminaire<\/strong><br class=\"manualbr\" \/>Organisme\u00a0: Fonds de d\u00e9marrage \u00e0 la recherche (Fonds institutionnel de recherche \u00e0 l\u2019UQAC)<br \/>\nSubvention accord\u00e9e\u00a0: 10 000 CA$<br \/>\nResponsable\u00a0: Vincent Arnaud<\/li>\n<\/ul>\n","protected":false},"excerpt":{"rendered":"<p>2025-2027 : Necropop : Les morts nous parlent Organisme : R\u00e9seau Sant\u00e9 Num\u00e9rique (RSN) Subvention accord\u00e9e : 40 000 CA$ Porteur du projet : Simon Girard (UQAC) Co-chercheurs : Arnaud Montreuil (UQAC), Luke Anderson-Trocm\u00e9 (Universit\u00e9 de Montr\u00e9al), Pascal Fortin (UQAC) et Vincent Arnaud 2024-2026 : Non-linear phenomena\u00a0 and\u00a0 emotional\u00a0 encoding\u00a0 in\u00a0 great\u00a0 ape\u00a0 vocalisations Organisme &hellip; <a href=\"https:\/\/portfolio.uqac.ca\/vincentarnaud\/financements\/\" class=\"more-link\">Continuer la lecture de <span class=\"screen-reader-text\">Financements<\/span>  <span class=\"meta-nav\">&rarr;<\/span><\/a><\/p>\n","protected":false},"author":129,"featured_media":0,"parent":0,"menu_order":0,"comment_status":"closed","ping_status":"closed","template":"","meta":{"footnotes":""},"tags":[],"_links":{"self":[{"href":"https:\/\/portfolio.uqac.ca\/vincentarnaud\/wp-json\/wp\/v2\/pages\/974"}],"collection":[{"href":"https:\/\/portfolio.uqac.ca\/vincentarnaud\/wp-json\/wp\/v2\/pages"}],"about":[{"href":"https:\/\/portfolio.uqac.ca\/vincentarnaud\/wp-json\/wp\/v2\/types\/page"}],"author":[{"embeddable":true,"href":"https:\/\/portfolio.uqac.ca\/vincentarnaud\/wp-json\/wp\/v2\/users\/129"}],"replies":[{"embeddable":true,"href":"https:\/\/portfolio.uqac.ca\/vincentarnaud\/wp-json\/wp\/v2\/comments?post=974"}],"version-history":[{"count":12,"href":"https:\/\/portfolio.uqac.ca\/vincentarnaud\/wp-json\/wp\/v2\/pages\/974\/revisions"}],"predecessor-version":[{"id":1074,"href":"https:\/\/portfolio.uqac.ca\/vincentarnaud\/wp-json\/wp\/v2\/pages\/974\/revisions\/1074"}],"wp:attachment":[{"href":"https:\/\/portfolio.uqac.ca\/vincentarnaud\/wp-json\/wp\/v2\/media?parent=974"}],"wp:term":[{"taxonomy":"post_tag","embeddable":true,"href":"https:\/\/portfolio.uqac.ca\/vincentarnaud\/wp-json\/wp\/v2\/tags?post=974"}],"curies":[{"name":"wp","href":"https:\/\/api.w.org\/{rel}","templated":true}]}}