{"id":18,"date":"2012-07-23T20:05:15","date_gmt":"2012-07-23T20:05:15","guid":{"rendered":"http:\/\/portfolio-pre.uqac.ca\/gabarit\/?page_id=18"},"modified":"2025-07-11T13:14:26","modified_gmt":"2025-07-11T17:14:26","slug":"enseignement","status":"publish","type":"page","link":"https:\/\/portfolio.uqac.ca\/vincentbouchard\/enseignement\/","title":{"rendered":"Enseignement"},"content":{"rendered":"<h2>Prop\u00e9deutique du <a href=\"https:\/\/www.uqac.ca\/programme\/1597\/\">Dipl\u00f4me d\u2019\u00e9tudes sup\u00e9rieures sp\u00e9cialis\u00e9es en intervention par la nature et l\u2019aventure<\/a><\/h2>\n<ul>\n<li><a href=\"https:\/\/programmes.uqac.ca\/4ina102\">4INA102<\/a> \u2013 Gestion s\u00e9curitaire d\u2019activit\u00e9s en plein air<\/li>\n<\/ul>\n<h2><a href=\"https:\/\/www.uqac.ca\/programme\/7309\/\">Baccalaur\u00e9at en intervention plein air (BIPA)<\/a><\/h2>\n<ul>\n<li><a href=\"https:\/\/programmes.uqac.ca\/4IPA104\">4IPA104<\/a> \u2013 Introduction au programme et au champ disciplinaire du plein air<\/li>\n<li><a href=\"https:\/\/programmes.uqac.ca\/4ipa241\">4IPA241<\/a> \u2013 Vie en milieu naturel et logistique de campement \u2013 Conditions hivernales<\/li>\n<li><a href=\"https:\/\/programmes.uqac.ca\/4ipa310\">4IPA310<\/a> \u2013 Autonomie et intervention en conditions hivernales<\/li>\n<li><a href=\"https:\/\/programmes.uqac.ca\/4ipa311\">4IPA311<\/a> \u2013 Gestion de projet de plein air I<\/li>\n<li><a href=\"https:\/\/programmes.uqac.ca\/4ipa351\">4IPA351<\/a> \u2013 Leadership d\u2019exp\u00e9dition et de mission \u2013 \u00c9laboration<\/li>\n<li><a href=\"https:\/\/programmes.uqac.ca\/4ipa428\">4IPA428<\/a> \u2013 Projet de sp\u00e9cialisation plein air<\/li>\n<li><a href=\"https:\/\/programmes.uqac.ca\/4ipa430\">4IPA430<\/a> \u2013 Gestion des risques avanc\u00e9e<\/li>\n<li><a href=\"https:\/\/programmes.uqac.ca\/4ipa440\">4IPA440<\/a> \u2013 Encadrement professionnel de la randonn\u00e9e p\u00e9destre<\/li>\n<li><a href=\"https:\/\/programmes.uqac.ca\/4ipa511\">4IPA511<\/a> \u2013 Survie en r\u00e9gion isol\u00e9e<\/li>\n<li><a href=\"https:\/\/programmes.uqac.ca\/4ipa612\">4IPA612<\/a> \u2013 Gestion de projet de plein air II<\/li>\n<li><a href=\"https:\/\/programmes.uqac.ca\/4ipa620\">4IPA620<\/a> \u2013 Leadership d\u2019exp\u00e9dition et de mission \u2013 R\u00e9alisation<\/li>\n<\/ul>\n","protected":false},"excerpt":{"rendered":"<p>Prop\u00e9deutique du Dipl\u00f4me d\u2019\u00e9tudes sup\u00e9rieures sp\u00e9cialis\u00e9es en intervention par la nature et l\u2019aventure 4INA102 \u2013 Gestion s\u00e9curitaire d\u2019activit\u00e9s en plein air Baccalaur\u00e9at en intervention plein air (BIPA) 4IPA104 \u2013 Introduction au programme et au champ disciplinaire du plein air 4IPA241 \u2013 Vie en milieu naturel et logistique de campement \u2013 Conditions hivernales 4IPA310 \u2013 Autonomie &hellip; <a href=\"https:\/\/portfolio.uqac.ca\/vincentbouchard\/enseignement\/\" class=\"more-link\">Continuer la lecture de <span class=\"screen-reader-text\">Enseignement<\/span>  <span class=\"meta-nav\">&rarr;<\/span><\/a><\/p>\n","protected":false},"author":89,"featured_media":0,"parent":0,"menu_order":0,"comment_status":"closed","ping_status":"closed","template":"","meta":{"footnotes":""},"tags":[],"_links":{"self":[{"href":"https:\/\/portfolio.uqac.ca\/vincentbouchard\/wp-json\/wp\/v2\/pages\/18"}],"collection":[{"href":"https:\/\/portfolio.uqac.ca\/vincentbouchard\/wp-json\/wp\/v2\/pages"}],"about":[{"href":"https:\/\/portfolio.uqac.ca\/vincentbouchard\/wp-json\/wp\/v2\/types\/page"}],"author":[{"embeddable":true,"href":"https:\/\/portfolio.uqac.ca\/vincentbouchard\/wp-json\/wp\/v2\/users\/89"}],"replies":[{"embeddable":true,"href":"https:\/\/portfolio.uqac.ca\/vincentbouchard\/wp-json\/wp\/v2\/comments?post=18"}],"version-history":[{"count":29,"href":"https:\/\/portfolio.uqac.ca\/vincentbouchard\/wp-json\/wp\/v2\/pages\/18\/revisions"}],"predecessor-version":[{"id":240,"href":"https:\/\/portfolio.uqac.ca\/vincentbouchard\/wp-json\/wp\/v2\/pages\/18\/revisions\/240"}],"wp:attachment":[{"href":"https:\/\/portfolio.uqac.ca\/vincentbouchard\/wp-json\/wp\/v2\/media?parent=18"}],"wp:term":[{"taxonomy":"post_tag","embeddable":true,"href":"https:\/\/portfolio.uqac.ca\/vincentbouchard\/wp-json\/wp\/v2\/tags?post=18"}],"curies":[{"name":"wp","href":"https:\/\/api.w.org\/{rel}","templated":true}]}}