{"id":25,"date":"2012-07-24T12:43:40","date_gmt":"2012-07-24T12:43:40","guid":{"rendered":"http:\/\/portfolio-pre.uqac.ca\/gabarit\/?page_id=25"},"modified":"2025-07-11T14:12:26","modified_gmt":"2025-07-11T18:12:26","slug":"communications","status":"publish","type":"page","link":"https:\/\/portfolio.uqac.ca\/vincentbouchard\/communications\/","title":{"rendered":"Publications et communications"},"content":{"rendered":"<h2>Publications<\/h2>\n<h3>Chapitres d&#8217;ouvrage<\/h3>\n<p>Massiera B, Bouchard V. et Mephan D. (soumis 04-2025). <em>Encadrer la s\u00e9curit\u00e9 de l&#8217;itin\u00e9rance en espace naturel de moyenne altitude : Repr\u00e9sentations et pratiques s\u00e9curitaires entre la France et le Qu\u00e9bec<\/em>, dans\u00a0Tourisme et Itin\u00e9rance<i>s, ASTRES.<\/i><\/p>\n<p>&nbsp;<\/p>\n<h2>Communications<\/h2>\n<h3>M\u00e9dias<\/h3>\n<p>Arsenault, M. (4 d\u00e9cembre 2024).\u00a0<a href=\"https:\/\/www.lequotidien.com\/actualites\/actualites-locales\/2024\/12\/04\/yukon-le-depassement-de-soi-des-etudiants-en-intervention-plein-air-IVAFW2MKDBC6XBRR2XJZ3LDJD4\/\">Yukon: le d\u00e9passement de soi des \u00e9tudiants en intervention plein air<\/a>. Le Quotidien.<\/p>\n<p>Mathieu, S. (22 juin 2023).\u00a0<a href=\"https:\/\/www.lapressetouristique.ca\/article\/plein-air\/activites\/un-pleinairiste-averti-en-vaut-deux\/\">Un pleinairiste averti en vaut deux!<\/a> La Presse Touristique.<\/p>\n<p>Bouchard, V. (invit\u00e9) et Bergeron, N. (animateur). (7 f\u00e9vrier 2023). <a href=\"https:\/\/ici.radio-canada.ca\/ohdio\/premiere\/emissions\/boreale-138\/segments\/rattrapage\/1380288\/eviter-interventions-urgence-par-ue-bonne-gestion-risques\">\u00c9viter les interventions d\u2019urgence par une bonne gestion des risques<\/a>. Radio-canada Ohdio, Bor\u00e9ale 138.<\/p>\n<p>Bouchard, V. (invit\u00e9). (Juillet 2022). La s\u00e9curit\u00e9 en plein air sur la C\u00f4te-Nord. Radio-Canada, ICI C\u00f4te-Nord.<\/p>\n","protected":false},"excerpt":{"rendered":"<p>Publications Chapitres d&#8217;ouvrage Massiera B, Bouchard V. et Mephan D. (soumis 04-2025). Encadrer la s\u00e9curit\u00e9 de l&#8217;itin\u00e9rance en espace naturel de moyenne altitude : Repr\u00e9sentations et pratiques s\u00e9curitaires entre la France et le Qu\u00e9bec, dans\u00a0Tourisme et Itin\u00e9rances, ASTRES. &nbsp; Communications M\u00e9dias Arsenault, M. (4 d\u00e9cembre 2024).\u00a0Yukon: le d\u00e9passement de soi des \u00e9tudiants en intervention plein &hellip; <a href=\"https:\/\/portfolio.uqac.ca\/vincentbouchard\/communications\/\" class=\"more-link\">Continuer la lecture de <span class=\"screen-reader-text\">Publications et communications<\/span>  <span class=\"meta-nav\">&rarr;<\/span><\/a><\/p>\n","protected":false},"author":89,"featured_media":0,"parent":0,"menu_order":0,"comment_status":"closed","ping_status":"closed","template":"","meta":{"footnotes":""},"tags":[],"_links":{"self":[{"href":"https:\/\/portfolio.uqac.ca\/vincentbouchard\/wp-json\/wp\/v2\/pages\/25"}],"collection":[{"href":"https:\/\/portfolio.uqac.ca\/vincentbouchard\/wp-json\/wp\/v2\/pages"}],"about":[{"href":"https:\/\/portfolio.uqac.ca\/vincentbouchard\/wp-json\/wp\/v2\/types\/page"}],"author":[{"embeddable":true,"href":"https:\/\/portfolio.uqac.ca\/vincentbouchard\/wp-json\/wp\/v2\/users\/89"}],"replies":[{"embeddable":true,"href":"https:\/\/portfolio.uqac.ca\/vincentbouchard\/wp-json\/wp\/v2\/comments?post=25"}],"version-history":[{"count":10,"href":"https:\/\/portfolio.uqac.ca\/vincentbouchard\/wp-json\/wp\/v2\/pages\/25\/revisions"}],"predecessor-version":[{"id":245,"href":"https:\/\/portfolio.uqac.ca\/vincentbouchard\/wp-json\/wp\/v2\/pages\/25\/revisions\/245"}],"wp:attachment":[{"href":"https:\/\/portfolio.uqac.ca\/vincentbouchard\/wp-json\/wp\/v2\/media?parent=25"}],"wp:term":[{"taxonomy":"post_tag","embeddable":true,"href":"https:\/\/portfolio.uqac.ca\/vincentbouchard\/wp-json\/wp\/v2\/tags?post=25"}],"curies":[{"name":"wp","href":"https:\/\/api.w.org\/{rel}","templated":true}]}}