{"id":27,"date":"2012-07-24T12:57:18","date_gmt":"2012-07-24T12:57:18","guid":{"rendered":"http:\/\/portfolio-pre.uqac.ca\/gabarit\/?page_id=27"},"modified":"2025-07-11T14:31:24","modified_gmt":"2025-07-11T18:31:24","slug":"curriculum-vitae","status":"publish","type":"page","link":"https:\/\/portfolio.uqac.ca\/vincentbouchard\/curriculum-vitae\/","title":{"rendered":"Curriculum vitae"},"content":{"rendered":"<h2><strong>Dipl\u00f4mes<\/strong><\/h2>\n<p>Ma\u00eetrise en gestion des organisations, Universit\u00e9 du Qu\u00e9bec \u00e0 Chicoutimi &#8211; 2024<\/p>\n<p>Baccalaur\u00e9at en intervention plein air, Universit\u00e9 du Qu\u00e9bec \u00e0 Chicoutimi &#8211; 2018<\/p>\n<h2><strong>Autres formations et certifications<\/strong><\/h2>\n<p>2025 : Introduction au syst\u00e8me de commandement des interventions (Incident Command System Canada)<\/p>\n<p>2025 : Cours avanc\u00e9 de s\u00e9curit\u00e9 en avalanche &#8211; CSA2 (Avalanche Qu\u00e9bec)<\/p>\n<p>2021 : Randonn\u00e9e p\u00e9destre &#8211; Hiking Guide (Association canadienne des guides de montagne &#8211; ACMG)<\/p>\n<p>2021 : Instructeur de secourisme en r\u00e9gion isol\u00e9e (SIRIUSMEDx)<\/p>\n<p>2019 : Conducteur d&#8217;embarcation de plaisance (Transport Canada)<\/p>\n<p>2017 : Guide interpr\u00e8te (Interpretive Guides Association)<\/p>\n<p>2017 : Canot &#8211; Eau calme niveau II (Canot Kayak Qu\u00e9bec)<\/p>\n<p>2017 : Canot &#8211; Eau vive niveau II (Canot Kayak Qu\u00e9bec)<\/p>\n<p>2017 : Kayak de mer niveau II (Canot Kayak Qu\u00e9bec)<\/p>\n<p>2017 : Kayak de mer &#8211; Navigation (Canot Kayak Qu\u00e9bec)<\/p>\n<p>2017 : Certificat restreint d&#8217;op\u00e9rateur maritime (Escadrilles canadiennes de plaisance)<\/p>\n<p>2016 : Ambassadeur Sans trace (Sans trace Canada)<\/p>\n","protected":false},"excerpt":{"rendered":"<p>Dipl\u00f4mes Ma\u00eetrise en gestion des organisations, Universit\u00e9 du Qu\u00e9bec \u00e0 Chicoutimi &#8211; 2024 Baccalaur\u00e9at en intervention plein air, Universit\u00e9 du Qu\u00e9bec \u00e0 Chicoutimi &#8211; 2018 Autres formations et certifications 2025 : Introduction au syst\u00e8me de commandement des interventions (Incident Command System Canada) 2025 : Cours avanc\u00e9 de s\u00e9curit\u00e9 en avalanche &#8211; CSA2 (Avalanche Qu\u00e9bec) 2021 &hellip; <a href=\"https:\/\/portfolio.uqac.ca\/vincentbouchard\/curriculum-vitae\/\" class=\"more-link\">Continuer la lecture de <span class=\"screen-reader-text\">Curriculum vitae<\/span>  <span class=\"meta-nav\">&rarr;<\/span><\/a><\/p>\n","protected":false},"author":89,"featured_media":0,"parent":0,"menu_order":0,"comment_status":"closed","ping_status":"closed","template":"","meta":{"footnotes":""},"tags":[],"_links":{"self":[{"href":"https:\/\/portfolio.uqac.ca\/vincentbouchard\/wp-json\/wp\/v2\/pages\/27"}],"collection":[{"href":"https:\/\/portfolio.uqac.ca\/vincentbouchard\/wp-json\/wp\/v2\/pages"}],"about":[{"href":"https:\/\/portfolio.uqac.ca\/vincentbouchard\/wp-json\/wp\/v2\/types\/page"}],"author":[{"embeddable":true,"href":"https:\/\/portfolio.uqac.ca\/vincentbouchard\/wp-json\/wp\/v2\/users\/89"}],"replies":[{"embeddable":true,"href":"https:\/\/portfolio.uqac.ca\/vincentbouchard\/wp-json\/wp\/v2\/comments?post=27"}],"version-history":[{"count":7,"href":"https:\/\/portfolio.uqac.ca\/vincentbouchard\/wp-json\/wp\/v2\/pages\/27\/revisions"}],"predecessor-version":[{"id":247,"href":"https:\/\/portfolio.uqac.ca\/vincentbouchard\/wp-json\/wp\/v2\/pages\/27\/revisions\/247"}],"wp:attachment":[{"href":"https:\/\/portfolio.uqac.ca\/vincentbouchard\/wp-json\/wp\/v2\/media?parent=27"}],"wp:term":[{"taxonomy":"post_tag","embeddable":true,"href":"https:\/\/portfolio.uqac.ca\/vincentbouchard\/wp-json\/wp\/v2\/tags?post=27"}],"curies":[{"name":"wp","href":"https:\/\/api.w.org\/{rel}","templated":true}]}}