{"id":4,"date":"2012-07-23T17:46:31","date_gmt":"2012-07-23T17:46:31","guid":{"rendered":"http:\/\/portfolio-pre.uqac.ca\/gabarit\/?page_id=4"},"modified":"2025-07-11T12:27:57","modified_gmt":"2025-07-11T16:27:57","slug":"presentatio","status":"publish","type":"page","link":"https:\/\/portfolio.uqac.ca\/vincentbouchard\/","title":{"rendered":"Pr\u00e9sentation"},"content":{"rendered":"<h2>Vincent Bouchard<\/h2>\n<p>Professeur substitut \u00e0 l&#8217;Unit\u00e9 d&#8217;enseignement en intervention plein air (UEIPA) au <a href=\"https:\/\/www.uqac.ca\/dshs\/\">D\u00e9partement des sciences humaines et sociales<\/a> de l&#8217;<a href=\"https:\/\/www.uqac.ca\/\">Universit\u00e9 du Qu\u00e9bec \u00e0 Chicoutimi<\/a><\/p>\n<p>Membre du <a href=\"https:\/\/lerpa.uqac.ca\/\">Laboratoire d\u2019expertise et de recherche en plein air<\/a> (LERPA)<\/p>\n<h2>Champs d\u2019int\u00e9r\u00eat<\/h2>\n<ul>\n<li>Gestion des risques et s\u00e9curit\u00e9 en plein air<\/li>\n<li>Encadrement de groupe en plein air<\/li>\n<li>Leadership et logistique d\u2019exp\u00e9dition en r\u00e9gion isol\u00e9e<\/li>\n<li>Gestion des organisations<\/li>\n<li>Tourisme d\u2019aventure et \u00e9cotourisme<\/li>\n<\/ul>\n<p>&nbsp;<\/p>\n<h2>Liens vid\u00e9o<\/h2>\n<p><a href=\"https:\/\/www.youtube.com\/watch?v=QxTvnmjqvxc\">FLOW | L\u2019exp\u00e9rience du baccalaur\u00e9at en intervention plein air de l&#8217;UQAC<\/a><\/p>\n<p><a href=\"https:\/\/www.youtube.com\/watch?v=91rK0aPHkR4\">Exp\u00e9dition finale Yukon &#8211; BIPA 2025<\/a><\/p>\n<p>&nbsp;<\/p>\n","protected":false},"excerpt":{"rendered":"<p>Vincent Bouchard Professeur substitut \u00e0 l&#8217;Unit\u00e9 d&#8217;enseignement en intervention plein air (UEIPA) au D\u00e9partement des sciences humaines et sociales de l&#8217;Universit\u00e9 du Qu\u00e9bec \u00e0 Chicoutimi Membre du Laboratoire d\u2019expertise et de recherche en plein air (LERPA) Champs d\u2019int\u00e9r\u00eat Gestion des risques et s\u00e9curit\u00e9 en plein air Encadrement de groupe en plein air Leadership et logistique &hellip; <a href=\"https:\/\/portfolio.uqac.ca\/vincentbouchard\/\" class=\"more-link\">Continuer la lecture de <span class=\"screen-reader-text\">Pr\u00e9sentation<\/span>  <span class=\"meta-nav\">&rarr;<\/span><\/a><\/p>\n","protected":false},"author":89,"featured_media":0,"parent":0,"menu_order":0,"comment_status":"closed","ping_status":"closed","template":"","meta":{"footnotes":""},"tags":[],"_links":{"self":[{"href":"https:\/\/portfolio.uqac.ca\/vincentbouchard\/wp-json\/wp\/v2\/pages\/4"}],"collection":[{"href":"https:\/\/portfolio.uqac.ca\/vincentbouchard\/wp-json\/wp\/v2\/pages"}],"about":[{"href":"https:\/\/portfolio.uqac.ca\/vincentbouchard\/wp-json\/wp\/v2\/types\/page"}],"author":[{"embeddable":true,"href":"https:\/\/portfolio.uqac.ca\/vincentbouchard\/wp-json\/wp\/v2\/users\/89"}],"replies":[{"embeddable":true,"href":"https:\/\/portfolio.uqac.ca\/vincentbouchard\/wp-json\/wp\/v2\/comments?post=4"}],"version-history":[{"count":19,"href":"https:\/\/portfolio.uqac.ca\/vincentbouchard\/wp-json\/wp\/v2\/pages\/4\/revisions"}],"predecessor-version":[{"id":232,"href":"https:\/\/portfolio.uqac.ca\/vincentbouchard\/wp-json\/wp\/v2\/pages\/4\/revisions\/232"}],"wp:attachment":[{"href":"https:\/\/portfolio.uqac.ca\/vincentbouchard\/wp-json\/wp\/v2\/media?parent=4"}],"wp:term":[{"taxonomy":"post_tag","embeddable":true,"href":"https:\/\/portfolio.uqac.ca\/vincentbouchard\/wp-json\/wp\/v2\/tags?post=4"}],"curies":[{"name":"wp","href":"https:\/\/api.w.org\/{rel}","templated":true}]}}