{"id":46,"date":"2012-07-24T14:17:13","date_gmt":"2012-07-24T14:17:13","guid":{"rendered":"http:\/\/portfolio-pre.uqac.ca\/gabarit\/?page_id=46"},"modified":"2025-07-11T13:50:11","modified_gmt":"2025-07-11T17:50:11","slug":"recherche","status":"publish","type":"page","link":"https:\/\/portfolio.uqac.ca\/vincentbouchard\/recherche\/","title":{"rendered":"Recherche"},"content":{"rendered":"<h2>Membre du <a href=\"https:\/\/lerpa.uqac.ca\/\">Laboratoire d\u2019expertise et de recherche en plein air (LERPA)<\/a><\/h2>\n<p>&nbsp;<\/p>\n<p>2021-2023 : Tranquard, M., Ouellet, L., Bouchard, V. et Trottier, M. <em>\u00c9tude pour l\u2019implantation d\u2019une aire prot\u00e9g\u00e9e et de conservation autochtone pour la rivi\u00e8re Magpie<\/em>. <strong>Mandant :<\/strong> Comit\u00e9 Muteshekau Shipu<\/p>\n<p>2020-2023 : Bouchard, V. et Mepham, D. <em>Analyse et optimisation des proc\u00e9d\u00e9s de gestion des risques des r\u00e9serves fauniques Assinica et des Lacs-Alabanel-Mistassini-et-Waconichi<\/em>. <strong>Mandant :<\/strong> Corporation Nibiischii<\/p>\n<p>2022 : Bouchard, V. et Trottier, M. <em>Actualisation des proc\u00e9d\u00e9s de gestion des risques des activit\u00e9s de plein air r\u00e9alis\u00e9es dans le cadre des cours d&#8217;\u00e9ducation physique<\/em>. <strong>Mandant :<\/strong> C\u00e9gep de Jonqui\u00e8re<\/p>\n<p>2020 : Bouchard, V. et Mepham, D. <em>Recherche et r\u00e9daction du guide Mesures de d\u00e9confinement pour la randonn\u00e9e p\u00e9destre : territoires et infrastructures en contexte de pand\u00e9mie<\/em>. <strong>Mandant :<\/strong> Rando Qu\u00e9bec<\/p>\n<p>2018 &#8211; 2020 : Mepham, D., Morin, P. et Bouchard, V. <em>Optimisation des proc\u00e9d\u00e9s de gestion des risques du C\u00e9gep de la Gasp\u00e9sie et des \u00celes.<\/em> <strong>Mandant :<\/strong> C\u00e9gep de la Gasp\u00e9sie et des \u00celes<\/p>\n","protected":false},"excerpt":{"rendered":"<p>Membre du Laboratoire d\u2019expertise et de recherche en plein air (LERPA) &nbsp; 2021-2023 : Tranquard, M., Ouellet, L., Bouchard, V. et Trottier, M. \u00c9tude pour l\u2019implantation d\u2019une aire prot\u00e9g\u00e9e et de conservation autochtone pour la rivi\u00e8re Magpie. Mandant : Comit\u00e9 Muteshekau Shipu 2020-2023 : Bouchard, V. et Mepham, D. Analyse et optimisation des proc\u00e9d\u00e9s de &hellip; <a href=\"https:\/\/portfolio.uqac.ca\/vincentbouchard\/recherche\/\" class=\"more-link\">Continuer la lecture de <span class=\"screen-reader-text\">Recherche<\/span>  <span class=\"meta-nav\">&rarr;<\/span><\/a><\/p>\n","protected":false},"author":89,"featured_media":0,"parent":0,"menu_order":0,"comment_status":"closed","ping_status":"closed","template":"","meta":{"footnotes":""},"tags":[],"_links":{"self":[{"href":"https:\/\/portfolio.uqac.ca\/vincentbouchard\/wp-json\/wp\/v2\/pages\/46"}],"collection":[{"href":"https:\/\/portfolio.uqac.ca\/vincentbouchard\/wp-json\/wp\/v2\/pages"}],"about":[{"href":"https:\/\/portfolio.uqac.ca\/vincentbouchard\/wp-json\/wp\/v2\/types\/page"}],"author":[{"embeddable":true,"href":"https:\/\/portfolio.uqac.ca\/vincentbouchard\/wp-json\/wp\/v2\/users\/89"}],"replies":[{"embeddable":true,"href":"https:\/\/portfolio.uqac.ca\/vincentbouchard\/wp-json\/wp\/v2\/comments?post=46"}],"version-history":[{"count":6,"href":"https:\/\/portfolio.uqac.ca\/vincentbouchard\/wp-json\/wp\/v2\/pages\/46\/revisions"}],"predecessor-version":[{"id":243,"href":"https:\/\/portfolio.uqac.ca\/vincentbouchard\/wp-json\/wp\/v2\/pages\/46\/revisions\/243"}],"wp:attachment":[{"href":"https:\/\/portfolio.uqac.ca\/vincentbouchard\/wp-json\/wp\/v2\/media?parent=46"}],"wp:term":[{"taxonomy":"post_tag","embeddable":true,"href":"https:\/\/portfolio.uqac.ca\/vincentbouchard\/wp-json\/wp\/v2\/tags?post=46"}],"curies":[{"name":"wp","href":"https:\/\/api.w.org\/{rel}","templated":true}]}}