{"id":18,"date":"2012-07-23T20:05:15","date_gmt":"2012-07-23T20:05:15","guid":{"rendered":"http:\/\/portfolio-pre.uqac.ca\/gabarit\/?page_id=18"},"modified":"2025-03-20T11:10:24","modified_gmt":"2025-03-20T15:10:24","slug":"enseignement","status":"publish","type":"page","link":"https:\/\/portfolio.uqac.ca\/vincenthuardpelletier\/enseignement\/","title":{"rendered":"Enseignement"},"content":{"rendered":"<ul>\n<li><a href=\"https:\/\/programmes.uqac.ca\/3SAP302\" target=\"_blank\" rel=\"noopener\"><strong>3SAP302<\/strong> : Conditionnement physique en milieu scolaire et entra\u00eenement<\/a><\/li>\n<li><a href=\"https:\/\/programmes.uqac.ca\/sdtn100\" target=\"_blank\" rel=\"noopener\"><strong>SDTN100<\/strong> : Alimentation et activit\u00e9 physique<\/a><\/li>\n<li><a href=\"https:\/\/programmes.uqac.ca\/3ent101\" target=\"_blank\" rel=\"noopener\"><strong>3ENT101<\/strong> : Analyse d&#8217;habilet\u00e9s motrices en situation d&#8217;enseignement en \u00c9PS et les TIC<\/a><\/li>\n<li><a href=\"https:\/\/programmes.uqac.ca\/sepk216\" target=\"_blank\" rel=\"noopener\"><strong>SEPK216<\/strong>\u00a0: L&#8217;entra\u00eeneur et la psychologie sportive<\/a><\/li>\n<\/ul>\n","protected":false},"excerpt":{"rendered":"<p>3SAP302 : Conditionnement physique en milieu scolaire et entra\u00eenement SDTN100 : Alimentation et activit\u00e9 physique 3ENT101 : Analyse d&#8217;habilet\u00e9s motrices en situation d&#8217;enseignement en \u00c9PS et les TIC SEPK216\u00a0: L&#8217;entra\u00eeneur et la psychologie sportive<\/p>\n","protected":false},"author":89,"featured_media":0,"parent":0,"menu_order":0,"comment_status":"closed","ping_status":"closed","template":"","meta":{"footnotes":""},"tags":[],"_links":{"self":[{"href":"https:\/\/portfolio.uqac.ca\/vincenthuardpelletier\/wp-json\/wp\/v2\/pages\/18"}],"collection":[{"href":"https:\/\/portfolio.uqac.ca\/vincenthuardpelletier\/wp-json\/wp\/v2\/pages"}],"about":[{"href":"https:\/\/portfolio.uqac.ca\/vincenthuardpelletier\/wp-json\/wp\/v2\/types\/page"}],"author":[{"embeddable":true,"href":"https:\/\/portfolio.uqac.ca\/vincenthuardpelletier\/wp-json\/wp\/v2\/users\/89"}],"replies":[{"embeddable":true,"href":"https:\/\/portfolio.uqac.ca\/vincenthuardpelletier\/wp-json\/wp\/v2\/comments?post=18"}],"version-history":[{"count":27,"href":"https:\/\/portfolio.uqac.ca\/vincenthuardpelletier\/wp-json\/wp\/v2\/pages\/18\/revisions"}],"predecessor-version":[{"id":217,"href":"https:\/\/portfolio.uqac.ca\/vincenthuardpelletier\/wp-json\/wp\/v2\/pages\/18\/revisions\/217"}],"wp:attachment":[{"href":"https:\/\/portfolio.uqac.ca\/vincenthuardpelletier\/wp-json\/wp\/v2\/media?parent=18"}],"wp:term":[{"taxonomy":"post_tag","embeddable":true,"href":"https:\/\/portfolio.uqac.ca\/vincenthuardpelletier\/wp-json\/wp\/v2\/tags?post=18"}],"curies":[{"name":"wp","href":"https:\/\/api.w.org\/{rel}","templated":true}]}}