{"id":20,"date":"2012-07-23T20:20:59","date_gmt":"2012-07-23T20:20:59","guid":{"rendered":"http:\/\/portfolio-pre.uqac.ca\/gabarit\/?page_id=20"},"modified":"2025-03-20T11:23:51","modified_gmt":"2025-03-20T15:23:51","slug":"publications","status":"publish","type":"page","link":"https:\/\/portfolio.uqac.ca\/vincenthuardpelletier\/publications\/","title":{"rendered":"Publications"},"content":{"rendered":"<p>Toutes mes publications scientifiques et r\u00e9vis\u00e9es par les pairs peuvent \u00eatre consult\u00e9es sur mon profil Google Scholar\u00a0: <a href=\"https:\/\/scholar.google.com\/citations?user=AFedPvsAAAAJ&amp;hl=fr&amp;oi=ao\" target=\"_blank\" rel=\"noopener\">https:\/\/scholar.google.com\/citations?user=AFedPvsAAAAJ&amp;hl=fr&amp;oi=ao<\/a><\/p>\n","protected":false},"excerpt":{"rendered":"<p>Toutes mes publications scientifiques et r\u00e9vis\u00e9es par les pairs peuvent \u00eatre consult\u00e9es sur mon profil Google Scholar\u00a0: https:\/\/scholar.google.com\/citations?user=AFedPvsAAAAJ&amp;hl=fr&amp;oi=ao<\/p>\n","protected":false},"author":89,"featured_media":0,"parent":0,"menu_order":0,"comment_status":"closed","ping_status":"closed","template":"","meta":{"footnotes":""},"tags":[],"_links":{"self":[{"href":"https:\/\/portfolio.uqac.ca\/vincenthuardpelletier\/wp-json\/wp\/v2\/pages\/20"}],"collection":[{"href":"https:\/\/portfolio.uqac.ca\/vincenthuardpelletier\/wp-json\/wp\/v2\/pages"}],"about":[{"href":"https:\/\/portfolio.uqac.ca\/vincenthuardpelletier\/wp-json\/wp\/v2\/types\/page"}],"author":[{"embeddable":true,"href":"https:\/\/portfolio.uqac.ca\/vincenthuardpelletier\/wp-json\/wp\/v2\/users\/89"}],"replies":[{"embeddable":true,"href":"https:\/\/portfolio.uqac.ca\/vincenthuardpelletier\/wp-json\/wp\/v2\/comments?post=20"}],"version-history":[{"count":30,"href":"https:\/\/portfolio.uqac.ca\/vincenthuardpelletier\/wp-json\/wp\/v2\/pages\/20\/revisions"}],"predecessor-version":[{"id":226,"href":"https:\/\/portfolio.uqac.ca\/vincenthuardpelletier\/wp-json\/wp\/v2\/pages\/20\/revisions\/226"}],"wp:attachment":[{"href":"https:\/\/portfolio.uqac.ca\/vincenthuardpelletier\/wp-json\/wp\/v2\/media?parent=20"}],"wp:term":[{"taxonomy":"post_tag","embeddable":true,"href":"https:\/\/portfolio.uqac.ca\/vincenthuardpelletier\/wp-json\/wp\/v2\/tags?post=20"}],"curies":[{"name":"wp","href":"https:\/\/api.w.org\/{rel}","templated":true}]}}