{"id":27,"date":"2012-07-24T12:57:18","date_gmt":"2012-07-24T12:57:18","guid":{"rendered":"http:\/\/portfolio-pre.uqac.ca\/gabarit\/?page_id=27"},"modified":"2025-03-20T11:15:18","modified_gmt":"2025-03-20T15:15:18","slug":"curriculum-vitae","status":"publish","type":"page","link":"https:\/\/portfolio.uqac.ca\/vincenthuardpelletier\/curriculum-vitae\/","title":{"rendered":"Curriculum vitae"},"content":{"rendered":"<h2><strong>Dipl\u00f4mes<\/strong><\/h2>\n<ul>\n<li>2024\u00a0&#8211; Doctorat en sciences biom\u00e9dicales, Universit\u00e9 du Qu\u00e9bec \u00e0 Trois-Rivi\u00e8res<\/li>\n<li>2019 \u2013 Maitrise en sciences de l\u2019activit\u00e9 physique, Universit\u00e9 du Qu\u00e9bec \u00e0 Trois-Rivi\u00e8res<\/li>\n<li>2016 \u2013 Baccalaur\u00e9at en kin\u00e9siologie, Universit\u00e9 du Qu\u00e9bec \u00e0 Trois-Rivi\u00e8res<\/li>\n<li>2013 \u2013 Technique de di\u00e9t\u00e9tique, C\u00e9gep Limoilou.<\/li>\n<\/ul>\n<h2><strong>Affiliations professionnelles<\/strong><\/h2>\n<ul>\n<li>Pr\u00e9parateur mental<\/li>\n<li>Pr\u00e9parateur physique\/kin\u00e9siologue au hockey sur glace<\/li>\n<li>Exp\u00e9riences de coaching<\/li>\n<\/ul>\n","protected":false},"excerpt":{"rendered":"<p>Dipl\u00f4mes 2024\u00a0&#8211; Doctorat en sciences biom\u00e9dicales, Universit\u00e9 du Qu\u00e9bec \u00e0 Trois-Rivi\u00e8res 2019 \u2013 Maitrise en sciences de l\u2019activit\u00e9 physique, Universit\u00e9 du Qu\u00e9bec \u00e0 Trois-Rivi\u00e8res 2016 \u2013 Baccalaur\u00e9at en kin\u00e9siologie, Universit\u00e9 du Qu\u00e9bec \u00e0 Trois-Rivi\u00e8res 2013 \u2013 Technique de di\u00e9t\u00e9tique, C\u00e9gep Limoilou. Affiliations professionnelles Pr\u00e9parateur mental Pr\u00e9parateur physique\/kin\u00e9siologue au hockey sur glace Exp\u00e9riences de coaching<\/p>\n","protected":false},"author":89,"featured_media":0,"parent":0,"menu_order":0,"comment_status":"closed","ping_status":"closed","template":"","meta":{"footnotes":""},"tags":[],"_links":{"self":[{"href":"https:\/\/portfolio.uqac.ca\/vincenthuardpelletier\/wp-json\/wp\/v2\/pages\/27"}],"collection":[{"href":"https:\/\/portfolio.uqac.ca\/vincenthuardpelletier\/wp-json\/wp\/v2\/pages"}],"about":[{"href":"https:\/\/portfolio.uqac.ca\/vincenthuardpelletier\/wp-json\/wp\/v2\/types\/page"}],"author":[{"embeddable":true,"href":"https:\/\/portfolio.uqac.ca\/vincenthuardpelletier\/wp-json\/wp\/v2\/users\/89"}],"replies":[{"embeddable":true,"href":"https:\/\/portfolio.uqac.ca\/vincenthuardpelletier\/wp-json\/wp\/v2\/comments?post=27"}],"version-history":[{"count":5,"href":"https:\/\/portfolio.uqac.ca\/vincenthuardpelletier\/wp-json\/wp\/v2\/pages\/27\/revisions"}],"predecessor-version":[{"id":222,"href":"https:\/\/portfolio.uqac.ca\/vincenthuardpelletier\/wp-json\/wp\/v2\/pages\/27\/revisions\/222"}],"wp:attachment":[{"href":"https:\/\/portfolio.uqac.ca\/vincenthuardpelletier\/wp-json\/wp\/v2\/media?parent=27"}],"wp:term":[{"taxonomy":"post_tag","embeddable":true,"href":"https:\/\/portfolio.uqac.ca\/vincenthuardpelletier\/wp-json\/wp\/v2\/tags?post=27"}],"curies":[{"name":"wp","href":"https:\/\/api.w.org\/{rel}","templated":true}]}}