{"id":4,"date":"2012-07-23T17:46:31","date_gmt":"2012-07-23T17:46:31","guid":{"rendered":"http:\/\/portfolio-pre.uqac.ca\/gabarit\/?page_id=4"},"modified":"2025-03-20T11:07:55","modified_gmt":"2025-03-20T15:07:55","slug":"presentatio","status":"publish","type":"page","link":"https:\/\/portfolio.uqac.ca\/vincenthuardpelletier\/","title":{"rendered":"Pr\u00e9sentation"},"content":{"rendered":"<h2>Vincent Huard Pelletier<\/h2>\n<p>Professeur au D\u00e9partement des sciences de l\u2019\u00e9ducation, plus sp\u00e9cifiquement au baccalaur\u00e9at en \u00e9ducation physique et \u00e0 la sant\u00e9.<\/p>\n<h2>Champs d&#8217;int\u00e9r\u00eat<\/h2>\n<ul>\n<li>Psychologie du sport<\/li>\n<li>D\u00e9veloppement \u00e0 long terme de l\u2019athl\u00e8te<\/li>\n<li>Sports \u00e9lectroniques (<em>eSports<\/em>)<\/li>\n<li>Identification de talent<\/li>\n<li>Hockey sur glace<\/li>\n<\/ul>\n","protected":false},"excerpt":{"rendered":"<p>Vincent Huard Pelletier Professeur au D\u00e9partement des sciences de l\u2019\u00e9ducation, plus sp\u00e9cifiquement au baccalaur\u00e9at en \u00e9ducation physique et \u00e0 la sant\u00e9. Champs d&#8217;int\u00e9r\u00eat Psychologie du sport D\u00e9veloppement \u00e0 long terme de l\u2019athl\u00e8te Sports \u00e9lectroniques (eSports) Identification de talent Hockey sur glace<\/p>\n","protected":false},"author":89,"featured_media":0,"parent":0,"menu_order":0,"comment_status":"closed","ping_status":"closed","template":"","meta":{"footnotes":""},"tags":[],"_links":{"self":[{"href":"https:\/\/portfolio.uqac.ca\/vincenthuardpelletier\/wp-json\/wp\/v2\/pages\/4"}],"collection":[{"href":"https:\/\/portfolio.uqac.ca\/vincenthuardpelletier\/wp-json\/wp\/v2\/pages"}],"about":[{"href":"https:\/\/portfolio.uqac.ca\/vincenthuardpelletier\/wp-json\/wp\/v2\/types\/page"}],"author":[{"embeddable":true,"href":"https:\/\/portfolio.uqac.ca\/vincenthuardpelletier\/wp-json\/wp\/v2\/users\/89"}],"replies":[{"embeddable":true,"href":"https:\/\/portfolio.uqac.ca\/vincenthuardpelletier\/wp-json\/wp\/v2\/comments?post=4"}],"version-history":[{"count":14,"href":"https:\/\/portfolio.uqac.ca\/vincenthuardpelletier\/wp-json\/wp\/v2\/pages\/4\/revisions"}],"predecessor-version":[{"id":215,"href":"https:\/\/portfolio.uqac.ca\/vincenthuardpelletier\/wp-json\/wp\/v2\/pages\/4\/revisions\/215"}],"wp:attachment":[{"href":"https:\/\/portfolio.uqac.ca\/vincenthuardpelletier\/wp-json\/wp\/v2\/media?parent=4"}],"wp:term":[{"taxonomy":"post_tag","embeddable":true,"href":"https:\/\/portfolio.uqac.ca\/vincenthuardpelletier\/wp-json\/wp\/v2\/tags?post=4"}],"curies":[{"name":"wp","href":"https:\/\/api.w.org\/{rel}","templated":true}]}}