{"id":18,"date":"2022-09-01T10:24:02","date_gmt":"2022-09-01T14:24:02","guid":{"rendered":"http:\/\/portfolio-pre.uqac.ca\/gabarit\/?page_id=18"},"modified":"2024-12-06T11:40:27","modified_gmt":"2024-12-06T16:40:27","slug":"enseignement","status":"publish","type":"page","link":"https:\/\/portfolio.uqac.ca\/vincentlecours\/enseignement\/","title":{"rendered":"Enseignement"},"content":{"rendered":"<ul>\n<li>4GEO128 : Cartographie et techniques g\u00e9ographiques<\/li>\n<li>4GEO230: Photographies a\u00e9riennes et t\u00e9l\u00e9d\u00e9tection<\/li>\n<li><span style=\"line-height: 1.5\">4GEO433 : Cartographie des habitats<\/span><\/li>\n<li>4GEO122: G\u00e9osyst\u00e8me et environnement<\/li>\n<\/ul>\n","protected":false},"excerpt":{"rendered":"<p>4GEO128 : Cartographie et techniques g\u00e9ographiques 4GEO230: Photographies a\u00e9riennes et t\u00e9l\u00e9d\u00e9tection 4GEO433 : Cartographie des habitats 4GEO122: G\u00e9osyst\u00e8me et environnement<\/p>\n","protected":false},"author":89,"featured_media":0,"parent":0,"menu_order":0,"comment_status":"closed","ping_status":"closed","template":"","meta":{"footnotes":""},"tags":[],"_links":{"self":[{"href":"https:\/\/portfolio.uqac.ca\/vincentlecours\/wp-json\/wp\/v2\/pages\/18"}],"collection":[{"href":"https:\/\/portfolio.uqac.ca\/vincentlecours\/wp-json\/wp\/v2\/pages"}],"about":[{"href":"https:\/\/portfolio.uqac.ca\/vincentlecours\/wp-json\/wp\/v2\/types\/page"}],"author":[{"embeddable":true,"href":"https:\/\/portfolio.uqac.ca\/vincentlecours\/wp-json\/wp\/v2\/users\/89"}],"replies":[{"embeddable":true,"href":"https:\/\/portfolio.uqac.ca\/vincentlecours\/wp-json\/wp\/v2\/comments?post=18"}],"version-history":[{"count":7,"href":"https:\/\/portfolio.uqac.ca\/vincentlecours\/wp-json\/wp\/v2\/pages\/18\/revisions"}],"predecessor-version":[{"id":208,"href":"https:\/\/portfolio.uqac.ca\/vincentlecours\/wp-json\/wp\/v2\/pages\/18\/revisions\/208"}],"wp:attachment":[{"href":"https:\/\/portfolio.uqac.ca\/vincentlecours\/wp-json\/wp\/v2\/media?parent=18"}],"wp:term":[{"taxonomy":"post_tag","embeddable":true,"href":"https:\/\/portfolio.uqac.ca\/vincentlecours\/wp-json\/wp\/v2\/tags?post=18"}],"curies":[{"name":"wp","href":"https:\/\/api.w.org\/{rel}","templated":true}]}}