{"id":27,"date":"2022-09-01T10:24:02","date_gmt":"2022-09-01T14:24:02","guid":{"rendered":"http:\/\/portfolio-pre.uqac.ca\/gabarit\/?page_id=27"},"modified":"2025-03-05T16:32:45","modified_gmt":"2025-03-05T21:32:45","slug":"curriculum-vitae","status":"publish","type":"page","link":"https:\/\/portfolio.uqac.ca\/vincentlecours\/curriculum-vitae\/","title":{"rendered":"Curriculum vitae"},"content":{"rendered":"<h2><strong>Dipl\u00f4mes<\/strong><\/h2>\n<p>Doctorat en g\u00e9ographie, Memorial University of Newfoundland<\/p>\n<p>Baccalaur\u00e9at en g\u00e9omatique appliqu\u00e9e \u00e0 l&#8217;environnement, Universit\u00e9 de Sherbrooke<\/p>\n<h2><strong> Distinctions<br \/>\n<\/strong><\/h2>\n<p>Prix pour la supervision du meilleur m\u00e9moire, School of Forest, Fisheries, and Aquatic Sciences, University of Florida &#8211; 2024<\/p>\n<p>Prix pour la supervision de la meilleure th\u00e8se, School of Forest, Fisheries, and Aquatic Sciences, University of Florida &#8211; 2023<\/p>\n<p>Professeur de l&#8217;ann\u00e9e, School of Forest, Fisheries, and Aquatic Sciences, University of Florida &#8211; 2021<\/p>\n<p>Prix Starkey-Robinson, Association Canadienne des G\u00e9ographes &#8211; 2018<\/p>\n<p>Gulf Research Program Early-Career Fellowship, U.S. National Academies of Sciences, Engineering, and Medicine &#8211; 2018<\/p>\n<p>Prix pour le meilleur article, International Society for Geomorphometry &#8211; 2018<\/p>\n<h2><strong> Affiliations professionnelles<\/strong><\/h2>\n<p>Comit\u00e9 scientifique, International Society for Geomorphometry<\/p>\n<p>Comit\u00e9 scientifique, GeoHab International Consortium<\/p>\n<h2><strong>Activit\u00e9s<\/strong><\/h2>\n<p>Membre du conseil d&#8217;administration et secr\u00e9taire-tr\u00e9sorier, Centre de G\u00e9omatique du Qu\u00e9bec<\/p>\n","protected":false},"excerpt":{"rendered":"<p>Dipl\u00f4mes Doctorat en g\u00e9ographie, Memorial University of Newfoundland Baccalaur\u00e9at en g\u00e9omatique appliqu\u00e9e \u00e0 l&#8217;environnement, Universit\u00e9 de Sherbrooke Distinctions Prix pour la supervision du meilleur m\u00e9moire, School of Forest, Fisheries, and Aquatic Sciences, University of Florida &#8211; 2024 Prix pour la supervision de la meilleure th\u00e8se, School of Forest, Fisheries, and Aquatic Sciences, University of Florida &hellip; <a href=\"https:\/\/portfolio.uqac.ca\/vincentlecours\/curriculum-vitae\/\" class=\"more-link\">Continuer la lecture de <span class=\"screen-reader-text\">Curriculum vitae<\/span>  <span class=\"meta-nav\">&rarr;<\/span><\/a><\/p>\n","protected":false},"author":89,"featured_media":0,"parent":0,"menu_order":0,"comment_status":"closed","ping_status":"closed","template":"","meta":{"footnotes":""},"tags":[],"_links":{"self":[{"href":"https:\/\/portfolio.uqac.ca\/vincentlecours\/wp-json\/wp\/v2\/pages\/27"}],"collection":[{"href":"https:\/\/portfolio.uqac.ca\/vincentlecours\/wp-json\/wp\/v2\/pages"}],"about":[{"href":"https:\/\/portfolio.uqac.ca\/vincentlecours\/wp-json\/wp\/v2\/types\/page"}],"author":[{"embeddable":true,"href":"https:\/\/portfolio.uqac.ca\/vincentlecours\/wp-json\/wp\/v2\/users\/89"}],"replies":[{"embeddable":true,"href":"https:\/\/portfolio.uqac.ca\/vincentlecours\/wp-json\/wp\/v2\/comments?post=27"}],"version-history":[{"count":7,"href":"https:\/\/portfolio.uqac.ca\/vincentlecours\/wp-json\/wp\/v2\/pages\/27\/revisions"}],"predecessor-version":[{"id":218,"href":"https:\/\/portfolio.uqac.ca\/vincentlecours\/wp-json\/wp\/v2\/pages\/27\/revisions\/218"}],"wp:attachment":[{"href":"https:\/\/portfolio.uqac.ca\/vincentlecours\/wp-json\/wp\/v2\/media?parent=27"}],"wp:term":[{"taxonomy":"post_tag","embeddable":true,"href":"https:\/\/portfolio.uqac.ca\/vincentlecours\/wp-json\/wp\/v2\/tags?post=27"}],"curies":[{"name":"wp","href":"https:\/\/api.w.org\/{rel}","templated":true}]}}