{"id":46,"date":"2022-09-01T10:24:02","date_gmt":"2022-09-01T14:24:02","guid":{"rendered":"http:\/\/portfolio-pre.uqac.ca\/gabarit\/?page_id=46"},"modified":"2024-12-06T11:52:00","modified_gmt":"2024-12-06T16:52:00","slug":"recherche","status":"publish","type":"page","link":"https:\/\/portfolio.uqac.ca\/vincentlecours\/recherche\/","title":{"rendered":"Recherche"},"content":{"rendered":"<p>Caract\u00e9risation de r\u00e9f\u00e9rence des \u00e9cosyst\u00e8mes c\u00f4tiers et des parois verticales du Fjord du Saguenay &#8211; R\u00e9silience Saguenay (2024-2027)<\/p>\n<p>Optimiser l&#8217;utilisation de la g\u00e9omatique pour la cartographie des habitats marins et c\u00f4tiers du Fjord du Saguenay (2024-2025)<\/p>\n<p>\u00c9valuation du potentiel de la t\u00e9l\u00e9d\u00e9tection radar pour l&#8217;\u00e9tude des zones c\u00f4ti\u00e8res (2024-2026)<\/p>\n<p>G\u00c9OZIP: Innovations G\u00c9Omatiques pour favoriser l&#8217;autonomie des Comit\u00e9s ZIP dans le suivi de l&#8217;\u00e9tat du littoral du Saint-Laurent (2023-2025)<\/p>\n<p>Infrastructure de terrain pour la recherche en hydrog\u00e9omorphologie et en \u00e9cologie des poissons (2023-2024)<\/p>\n<p>Marine archaeological investigation and habitat mapping of the Paleo-Suwannee River, Eastern Gulf of Mexico (2021-2023)<\/p>\n<p>High-resolution mapping and quantitative characterization of subtidal oyster reefs (2021-2022)<\/p>\n<p>Developing a standardized framework for data integration and distribution on the West Florida Shelf (2020-2024)<\/p>\n<p>Development of a webGIS tool to visualize and analyze statistics related to UF\/IFAS Cooperative Extension (2020-2022)<\/p>\n<p>Developing a framework for understanding ecosystem factors influencing protected species interaction patterns in the Hawaii and American Samoa longline fisheries: case study using olive ridley and leatherback turtle interactions in the Hawaii deep-set longline fisheries (2018-2019)<\/p>\n<p>Estimating the absolute abundance of red snapper in the US Gulf of Mexico (2017-2020)<\/p>\n","protected":false},"excerpt":{"rendered":"<p>Caract\u00e9risation de r\u00e9f\u00e9rence des \u00e9cosyst\u00e8mes c\u00f4tiers et des parois verticales du Fjord du Saguenay &#8211; R\u00e9silience Saguenay (2024-2027) Optimiser l&#8217;utilisation de la g\u00e9omatique pour la cartographie des habitats marins et c\u00f4tiers du Fjord du Saguenay (2024-2025) \u00c9valuation du potentiel de la t\u00e9l\u00e9d\u00e9tection radar pour l&#8217;\u00e9tude des zones c\u00f4ti\u00e8res (2024-2026) G\u00c9OZIP: Innovations G\u00c9Omatiques pour favoriser l&#8217;autonomie &hellip; <a href=\"https:\/\/portfolio.uqac.ca\/vincentlecours\/recherche\/\" class=\"more-link\">Continuer la lecture de <span class=\"screen-reader-text\">Recherche<\/span>  <span class=\"meta-nav\">&rarr;<\/span><\/a><\/p>\n","protected":false},"author":89,"featured_media":0,"parent":0,"menu_order":0,"comment_status":"closed","ping_status":"closed","template":"","meta":{"footnotes":""},"tags":[],"_links":{"self":[{"href":"https:\/\/portfolio.uqac.ca\/vincentlecours\/wp-json\/wp\/v2\/pages\/46"}],"collection":[{"href":"https:\/\/portfolio.uqac.ca\/vincentlecours\/wp-json\/wp\/v2\/pages"}],"about":[{"href":"https:\/\/portfolio.uqac.ca\/vincentlecours\/wp-json\/wp\/v2\/types\/page"}],"author":[{"embeddable":true,"href":"https:\/\/portfolio.uqac.ca\/vincentlecours\/wp-json\/wp\/v2\/users\/89"}],"replies":[{"embeddable":true,"href":"https:\/\/portfolio.uqac.ca\/vincentlecours\/wp-json\/wp\/v2\/comments?post=46"}],"version-history":[{"count":6,"href":"https:\/\/portfolio.uqac.ca\/vincentlecours\/wp-json\/wp\/v2\/pages\/46\/revisions"}],"predecessor-version":[{"id":210,"href":"https:\/\/portfolio.uqac.ca\/vincentlecours\/wp-json\/wp\/v2\/pages\/46\/revisions\/210"}],"wp:attachment":[{"href":"https:\/\/portfolio.uqac.ca\/vincentlecours\/wp-json\/wp\/v2\/media?parent=46"}],"wp:term":[{"taxonomy":"post_tag","embeddable":true,"href":"https:\/\/portfolio.uqac.ca\/vincentlecours\/wp-json\/wp\/v2\/tags?post=46"}],"curies":[{"name":"wp","href":"https:\/\/api.w.org\/{rel}","templated":true}]}}