{"id":18,"date":"2017-03-21T15:44:14","date_gmt":"2017-03-21T19:44:14","guid":{"rendered":"http:\/\/portfolio-pre.uqac.ca\/gabarit\/?page_id=18"},"modified":"2018-02-02T08:11:50","modified_gmt":"2018-02-02T13:11:50","slug":"enseignement","status":"publish","type":"page","link":"https:\/\/portfolio.uqac.ca\/vincentmorin\/enseignement\/","title":{"rendered":"Enseignement"},"content":{"rendered":"<ul>\n<li>2BFI404:\u00a0\u00a0Introduction aux produits d\u00e9riv\u00e9s<\/li>\n<li>2BFI283: Planification financi\u00e8re personnelle<\/li>\n<li>2BFI406: Analyse financi\u00e8re<\/li>\n<li>2BFI307: Gestion financi\u00e8re avanc\u00e9e<\/li>\n<\/ul>\n","protected":false},"excerpt":{"rendered":"<p>2BFI404:\u00a0\u00a0Introduction aux produits d\u00e9riv\u00e9s 2BFI283: Planification financi\u00e8re personnelle 2BFI406: Analyse financi\u00e8re 2BFI307: Gestion financi\u00e8re avanc\u00e9e<\/p>\n","protected":false},"author":89,"featured_media":0,"parent":0,"menu_order":0,"comment_status":"closed","ping_status":"closed","template":"","meta":{"footnotes":""},"tags":[],"_links":{"self":[{"href":"https:\/\/portfolio.uqac.ca\/vincentmorin\/wp-json\/wp\/v2\/pages\/18"}],"collection":[{"href":"https:\/\/portfolio.uqac.ca\/vincentmorin\/wp-json\/wp\/v2\/pages"}],"about":[{"href":"https:\/\/portfolio.uqac.ca\/vincentmorin\/wp-json\/wp\/v2\/types\/page"}],"author":[{"embeddable":true,"href":"https:\/\/portfolio.uqac.ca\/vincentmorin\/wp-json\/wp\/v2\/users\/89"}],"replies":[{"embeddable":true,"href":"https:\/\/portfolio.uqac.ca\/vincentmorin\/wp-json\/wp\/v2\/comments?post=18"}],"version-history":[{"count":7,"href":"https:\/\/portfolio.uqac.ca\/vincentmorin\/wp-json\/wp\/v2\/pages\/18\/revisions"}],"predecessor-version":[{"id":145,"href":"https:\/\/portfolio.uqac.ca\/vincentmorin\/wp-json\/wp\/v2\/pages\/18\/revisions\/145"}],"wp:attachment":[{"href":"https:\/\/portfolio.uqac.ca\/vincentmorin\/wp-json\/wp\/v2\/media?parent=18"}],"wp:term":[{"taxonomy":"post_tag","embeddable":true,"href":"https:\/\/portfolio.uqac.ca\/vincentmorin\/wp-json\/wp\/v2\/tags?post=18"}],"curies":[{"name":"wp","href":"https:\/\/api.w.org\/{rel}","templated":true}]}}