{"id":27,"date":"2017-03-21T15:44:14","date_gmt":"2017-03-21T19:44:14","guid":{"rendered":"http:\/\/portfolio-pre.uqac.ca\/gabarit\/?page_id=27"},"modified":"2018-02-02T08:14:08","modified_gmt":"2018-02-02T13:14:08","slug":"curriculum-vitae","status":"publish","type":"page","link":"https:\/\/portfolio.uqac.ca\/vincentmorin\/curriculum-vitae\/","title":{"rendered":"Curriculum vitae"},"content":{"rendered":"<h2><strong>Dipl\u00f4mes<\/strong><\/h2>\n<p>M. Sc Finance Universit\u00e9\u00a0 de Sherbrooke 1995<\/p>\n<p>BAA Finance Universit\u00e9 de Sherbrooke 1994<\/p>\n<p><strong><br \/>\nExp\u00e9riences\u00a0professionnelles<br \/>\n<\/strong><\/p>\n<p>&nbsp;<\/p>\n<ul>\n<li><strong>2009-2015<\/strong>: Directeur du Module des sciences de l\u2019administration, UQAC<\/li>\n<li><strong>2016 &#8211; \u00e0 nos jours<\/strong>: Directeur du D\u00e9partement des sciences \u00e9conomiques et administratives, UQAC<\/li>\n<\/ul>\n<h2><strong><br \/>\nActivit\u00e9s<\/strong><\/h2>\n<p>&nbsp;<\/p>\n<p><strong>2010 &#8211; \u00e0 nos jours<\/strong>: Pr\u00e9sident du Partenariat Alimentaire, UQAC- MAGE-UQAC<\/p>\n<p><strong>2011 &#8211; \u00e0 nos jours<\/strong>: Membre du comit\u00e9 de placement et du comit\u00e9 de gestion de la Campagne Majeure de financement de l\u2019UQAC<\/p>\n<p>&nbsp;<\/p>\n","protected":false},"excerpt":{"rendered":"<p>Dipl\u00f4mes M. Sc Finance Universit\u00e9\u00a0 de Sherbrooke 1995 BAA Finance Universit\u00e9 de Sherbrooke 1994 Exp\u00e9riences\u00a0professionnelles &nbsp; 2009-2015: Directeur du Module des sciences de l\u2019administration, UQAC 2016 &#8211; \u00e0 nos jours: Directeur du D\u00e9partement des sciences \u00e9conomiques et administratives, UQAC Activit\u00e9s &nbsp; 2010 &#8211; \u00e0 nos jours: Pr\u00e9sident du Partenariat Alimentaire, UQAC- MAGE-UQAC 2011 &#8211; \u00e0 &hellip; <a href=\"https:\/\/portfolio.uqac.ca\/vincentmorin\/curriculum-vitae\/\" class=\"more-link\">Continuer la lecture de <span class=\"screen-reader-text\">Curriculum vitae<\/span>  <span class=\"meta-nav\">&rarr;<\/span><\/a><\/p>\n","protected":false},"author":89,"featured_media":0,"parent":0,"menu_order":0,"comment_status":"closed","ping_status":"closed","template":"","meta":{"footnotes":""},"tags":[],"_links":{"self":[{"href":"https:\/\/portfolio.uqac.ca\/vincentmorin\/wp-json\/wp\/v2\/pages\/27"}],"collection":[{"href":"https:\/\/portfolio.uqac.ca\/vincentmorin\/wp-json\/wp\/v2\/pages"}],"about":[{"href":"https:\/\/portfolio.uqac.ca\/vincentmorin\/wp-json\/wp\/v2\/types\/page"}],"author":[{"embeddable":true,"href":"https:\/\/portfolio.uqac.ca\/vincentmorin\/wp-json\/wp\/v2\/users\/89"}],"replies":[{"embeddable":true,"href":"https:\/\/portfolio.uqac.ca\/vincentmorin\/wp-json\/wp\/v2\/comments?post=27"}],"version-history":[{"count":9,"href":"https:\/\/portfolio.uqac.ca\/vincentmorin\/wp-json\/wp\/v2\/pages\/27\/revisions"}],"predecessor-version":[{"id":147,"href":"https:\/\/portfolio.uqac.ca\/vincentmorin\/wp-json\/wp\/v2\/pages\/27\/revisions\/147"}],"wp:attachment":[{"href":"https:\/\/portfolio.uqac.ca\/vincentmorin\/wp-json\/wp\/v2\/media?parent=27"}],"wp:term":[{"taxonomy":"post_tag","embeddable":true,"href":"https:\/\/portfolio.uqac.ca\/vincentmorin\/wp-json\/wp\/v2\/tags?post=27"}],"curies":[{"name":"wp","href":"https:\/\/api.w.org\/{rel}","templated":true}]}}