{"id":4,"date":"2019-06-12T10:10:19","date_gmt":"2019-06-12T14:10:19","guid":{"rendered":"http:\/\/portfolio-pre.uqac.ca\/gabarit\/?page_id=4"},"modified":"2025-12-03T14:16:52","modified_gmt":"2025-12-03T19:16:52","slug":"presentatio","status":"publish","type":"page","link":"https:\/\/portfolio.uqac.ca\/xgrantchen\/","title":{"rendered":"Pr\u00e9sentation"},"content":{"rendered":"<h2>X. Grant Chen, Ph.D.<\/h2>\n<p>Professeur \u00e9m\u00e9rite<br \/>\nD\u00e9partement des sciences appliqu\u00e9es<\/p>\n<ul>\n<li>Titulaire de la Chaire institutionnelle de recherche en m\u00e9tallurgie de la transformation de l\u2019aluminium CIMTAL<\/li>\n<li>Coordonnateur Centre de Recherche sur l\u2019Aluminium \u2013 REGAL-UQAC<\/li>\n<li>Membre de Minerals, Metals &amp; Materials Society TMS<\/li>\n<\/ul>\n<h2>Domaine<\/h2>\n<p>G\u00e9nie de la m\u00e9tallurgie et des mat\u00e9riaux<\/p>\n<h2>Axes de recherche<\/h2>\n<ul>\n<li><span style=\"color: #000000; font-family: Arial;\">M\u00e9tallurgie physique et science des mat\u00e9riaux<\/span><\/li>\n<li><span style=\"color: #000000; font-family: Arial;\">Solidification et coul\u00e9e<\/span><\/li>\n<li><span style=\"color: #000000; font-family: Arial;\">Proc\u00e9d\u00e9s thermom\u00e9caniques et traitement thermique d\u2019alliages de l\u2019aluminium <\/span><\/li>\n<li><span style=\"color: #000000; font-family: Arial;\">Technologies de la transformation de l\u2019aluminium<\/span><\/li>\n<li><span style=\"color: #000000; font-family: Arial;\">Mat\u00e9riaux avanc\u00e9s en aluminium et composites<\/span><\/li>\n<\/ul>\n","protected":false},"excerpt":{"rendered":"<p>X. Grant Chen, Ph.D. Professeur \u00e9m\u00e9rite D\u00e9partement des sciences appliqu\u00e9es Titulaire de la Chaire institutionnelle de recherche en m\u00e9tallurgie de la transformation de l\u2019aluminium CIMTAL Coordonnateur Centre de Recherche sur l\u2019Aluminium \u2013 REGAL-UQAC Membre de Minerals, Metals &amp; Materials Society TMS Domaine G\u00e9nie de la m\u00e9tallurgie et des mat\u00e9riaux Axes de recherche M\u00e9tallurgie physique et &hellip; <a href=\"https:\/\/portfolio.uqac.ca\/xgrantchen\/\" class=\"more-link\">Continuer la lecture de <span class=\"screen-reader-text\">Pr\u00e9sentation<\/span>  <span class=\"meta-nav\">&rarr;<\/span><\/a><\/p>\n","protected":false},"author":89,"featured_media":0,"parent":0,"menu_order":0,"comment_status":"closed","ping_status":"closed","template":"","meta":{"footnotes":""},"tags":[],"_links":{"self":[{"href":"https:\/\/portfolio.uqac.ca\/xgrantchen\/wp-json\/wp\/v2\/pages\/4"}],"collection":[{"href":"https:\/\/portfolio.uqac.ca\/xgrantchen\/wp-json\/wp\/v2\/pages"}],"about":[{"href":"https:\/\/portfolio.uqac.ca\/xgrantchen\/wp-json\/wp\/v2\/types\/page"}],"author":[{"embeddable":true,"href":"https:\/\/portfolio.uqac.ca\/xgrantchen\/wp-json\/wp\/v2\/users\/89"}],"replies":[{"embeddable":true,"href":"https:\/\/portfolio.uqac.ca\/xgrantchen\/wp-json\/wp\/v2\/comments?post=4"}],"version-history":[{"count":15,"href":"https:\/\/portfolio.uqac.ca\/xgrantchen\/wp-json\/wp\/v2\/pages\/4\/revisions"}],"predecessor-version":[{"id":228,"href":"https:\/\/portfolio.uqac.ca\/xgrantchen\/wp-json\/wp\/v2\/pages\/4\/revisions\/228"}],"wp:attachment":[{"href":"https:\/\/portfolio.uqac.ca\/xgrantchen\/wp-json\/wp\/v2\/media?parent=4"}],"wp:term":[{"taxonomy":"post_tag","embeddable":true,"href":"https:\/\/portfolio.uqac.ca\/xgrantchen\/wp-json\/wp\/v2\/tags?post=4"}],"curies":[{"name":"wp","href":"https:\/\/api.w.org\/{rel}","templated":true}]}}