{"id":18,"date":"2021-07-20T13:55:28","date_gmt":"2021-07-20T17:55:28","guid":{"rendered":"http:\/\/portfolio-pre.uqac.ca\/gabarit\/?page_id=18"},"modified":"2021-08-05T16:50:15","modified_gmt":"2021-08-05T20:50:15","slug":"enseignement","status":"publish","type":"page","link":"https:\/\/portfolio.uqac.ca\/yanboucher\/enseignement\/","title":{"rendered":"Enseignement"},"content":{"rendered":"<ul>\n<li>\u00c9cologie g\u00e9n\u00e9rale: 1ECG-108<\/li>\n<li><span style=\"line-height: 1.5\">Profession biologiste\u00a0: 1PRB-301<\/span><\/li>\n<li><span style=\"line-height: 1.5\">Gestion de la faune et des habitats\u00a0:\u00a01GFH-318<\/span><\/li>\n<\/ul>\n","protected":false},"excerpt":{"rendered":"<p>\u00c9cologie g\u00e9n\u00e9rale: 1ECG-108 Profession biologiste\u00a0: 1PRB-301 Gestion de la faune et des habitats\u00a0:\u00a01GFH-318<\/p>\n","protected":false},"author":89,"featured_media":0,"parent":0,"menu_order":0,"comment_status":"closed","ping_status":"closed","template":"","meta":{"footnotes":""},"tags":[],"_links":{"self":[{"href":"https:\/\/portfolio.uqac.ca\/yanboucher\/wp-json\/wp\/v2\/pages\/18"}],"collection":[{"href":"https:\/\/portfolio.uqac.ca\/yanboucher\/wp-json\/wp\/v2\/pages"}],"about":[{"href":"https:\/\/portfolio.uqac.ca\/yanboucher\/wp-json\/wp\/v2\/types\/page"}],"author":[{"embeddable":true,"href":"https:\/\/portfolio.uqac.ca\/yanboucher\/wp-json\/wp\/v2\/users\/89"}],"replies":[{"embeddable":true,"href":"https:\/\/portfolio.uqac.ca\/yanboucher\/wp-json\/wp\/v2\/comments?post=18"}],"version-history":[{"count":7,"href":"https:\/\/portfolio.uqac.ca\/yanboucher\/wp-json\/wp\/v2\/pages\/18\/revisions"}],"predecessor-version":[{"id":198,"href":"https:\/\/portfolio.uqac.ca\/yanboucher\/wp-json\/wp\/v2\/pages\/18\/revisions\/198"}],"wp:attachment":[{"href":"https:\/\/portfolio.uqac.ca\/yanboucher\/wp-json\/wp\/v2\/media?parent=18"}],"wp:term":[{"taxonomy":"post_tag","embeddable":true,"href":"https:\/\/portfolio.uqac.ca\/yanboucher\/wp-json\/wp\/v2\/tags?post=18"}],"curies":[{"name":"wp","href":"https:\/\/api.w.org\/{rel}","templated":true}]}}