{"id":165,"date":"2019-09-03T11:48:29","date_gmt":"2019-09-03T15:48:29","guid":{"rendered":"http:\/\/portfolio-pre.uqac.ca\/gabarit\/?page_id=165"},"modified":"2025-03-24T06:26:28","modified_gmt":"2025-03-24T10:26:28","slug":"communications-2","status":"publish","type":"page","link":"https:\/\/portfolio.uqac.ca\/yannickfrancillette\/communications-2\/","title":{"rendered":"Communications"},"content":{"rendered":"<ul>\n<li>Les jeux s\u00e9rieux, en aide \u00e0 la soci\u00e9t\u00e9. <a href=\"https:\/\/www.lequotidien.com\/2020\/05\/29\/les-jeux-serieux-en-aide-a-la-societe-dac17a06aacb7bbc0ddbc764d9282b3e\/\">le Quotidien<\/a><\/li>\n<\/ul>\n","protected":false},"excerpt":{"rendered":"<p>Les jeux s\u00e9rieux, en aide \u00e0 la soci\u00e9t\u00e9. le Quotidien<\/p>\n","protected":false},"author":89,"featured_media":0,"parent":0,"menu_order":0,"comment_status":"closed","ping_status":"closed","template":"","meta":{"footnotes":""},"tags":[],"_links":{"self":[{"href":"https:\/\/portfolio.uqac.ca\/yannickfrancillette\/wp-json\/wp\/v2\/pages\/165"}],"collection":[{"href":"https:\/\/portfolio.uqac.ca\/yannickfrancillette\/wp-json\/wp\/v2\/pages"}],"about":[{"href":"https:\/\/portfolio.uqac.ca\/yannickfrancillette\/wp-json\/wp\/v2\/types\/page"}],"author":[{"embeddable":true,"href":"https:\/\/portfolio.uqac.ca\/yannickfrancillette\/wp-json\/wp\/v2\/users\/89"}],"replies":[{"embeddable":true,"href":"https:\/\/portfolio.uqac.ca\/yannickfrancillette\/wp-json\/wp\/v2\/comments?post=165"}],"version-history":[{"count":4,"href":"https:\/\/portfolio.uqac.ca\/yannickfrancillette\/wp-json\/wp\/v2\/pages\/165\/revisions"}],"predecessor-version":[{"id":229,"href":"https:\/\/portfolio.uqac.ca\/yannickfrancillette\/wp-json\/wp\/v2\/pages\/165\/revisions\/229"}],"wp:attachment":[{"href":"https:\/\/portfolio.uqac.ca\/yannickfrancillette\/wp-json\/wp\/v2\/media?parent=165"}],"wp:term":[{"taxonomy":"post_tag","embeddable":true,"href":"https:\/\/portfolio.uqac.ca\/yannickfrancillette\/wp-json\/wp\/v2\/tags?post=165"}],"curies":[{"name":"wp","href":"https:\/\/api.w.org\/{rel}","templated":true}]}}