{"id":206,"date":"2021-10-15T14:28:47","date_gmt":"2021-10-15T18:28:47","guid":{"rendered":"http:\/\/portfolio-pre.uqac.ca\/yannickfrancillette\/?page_id=206"},"modified":"2021-10-15T14:29:26","modified_gmt":"2021-10-15T18:29:26","slug":"edi","status":"publish","type":"page","link":"https:\/\/portfolio.uqac.ca\/yannickfrancillette\/edi\/","title":{"rendered":"\u00c9quit\u00e9, Diversit\u00e9, Inclusion"},"content":{"rendered":"<p>L&#8217;importance de l&#8217;\u00e9quite, la diversit\u00e9 et l&#8217;inclusion \u00e0 l&#8217;<a href=\"https:\/\/www.uqac.ca\/edi\/\">UQAC<\/a>.<\/p>\n<p>Sensibilisez vous \u00e0 l&#8217;importance de la diversit\u00e9 et les cons\u00e9quences des pr\u00e9jug\u00e9s avec un <a href=\"https:\/\/ncase.me\/polygons-fr\/\">jeu<\/a>.<\/p>\n<p>&nbsp;<\/p>\n","protected":false},"excerpt":{"rendered":"<p>L&#8217;importance de l&#8217;\u00e9quite, la diversit\u00e9 et l&#8217;inclusion \u00e0 l&#8217;UQAC. Sensibilisez vous \u00e0 l&#8217;importance de la diversit\u00e9 et les cons\u00e9quences des pr\u00e9jug\u00e9s avec un jeu. &nbsp;<\/p>\n","protected":false},"author":279,"featured_media":0,"parent":0,"menu_order":0,"comment_status":"closed","ping_status":"closed","template":"","meta":{"footnotes":""},"tags":[],"_links":{"self":[{"href":"https:\/\/portfolio.uqac.ca\/yannickfrancillette\/wp-json\/wp\/v2\/pages\/206"}],"collection":[{"href":"https:\/\/portfolio.uqac.ca\/yannickfrancillette\/wp-json\/wp\/v2\/pages"}],"about":[{"href":"https:\/\/portfolio.uqac.ca\/yannickfrancillette\/wp-json\/wp\/v2\/types\/page"}],"author":[{"embeddable":true,"href":"https:\/\/portfolio.uqac.ca\/yannickfrancillette\/wp-json\/wp\/v2\/users\/279"}],"replies":[{"embeddable":true,"href":"https:\/\/portfolio.uqac.ca\/yannickfrancillette\/wp-json\/wp\/v2\/comments?post=206"}],"version-history":[{"count":2,"href":"https:\/\/portfolio.uqac.ca\/yannickfrancillette\/wp-json\/wp\/v2\/pages\/206\/revisions"}],"predecessor-version":[{"id":208,"href":"https:\/\/portfolio.uqac.ca\/yannickfrancillette\/wp-json\/wp\/v2\/pages\/206\/revisions\/208"}],"wp:attachment":[{"href":"https:\/\/portfolio.uqac.ca\/yannickfrancillette\/wp-json\/wp\/v2\/media?parent=206"}],"wp:term":[{"taxonomy":"post_tag","embeddable":true,"href":"https:\/\/portfolio.uqac.ca\/yannickfrancillette\/wp-json\/wp\/v2\/tags?post=206"}],"curies":[{"name":"wp","href":"https:\/\/api.w.org\/{rel}","templated":true}]}}