{"id":27,"date":"2019-09-03T11:48:29","date_gmt":"2019-09-03T15:48:29","guid":{"rendered":"http:\/\/portfolio-pre.uqac.ca\/gabarit\/?page_id=27"},"modified":"2021-10-15T14:42:47","modified_gmt":"2021-10-15T18:42:47","slug":"curriculum-vitae","status":"publish","type":"page","link":"https:\/\/portfolio.uqac.ca\/yannickfrancillette\/curriculum-vitae\/","title":{"rendered":"Curriculum vitae"},"content":{"rendered":"<h2><strong>Dipl\u00f4mes<\/strong><\/h2>\n<p><strong>Post-doctorat en informatique \u00e0 l&#8217;Universit\u00e9 du Qu\u00e9bec \u00e0 Chicoutimi au <a href=\"https:\/\/liara.uqac.ca\/index.htm\">LIARA<\/a><br \/>\n<\/strong><\/p>\n<p><strong>Doctorat en informatique\u00a0(Ph.D.) \u00e0 l&#8217;<a href=\"https:\/\/www.umontpellier.fr\/\">Universit\u00e9 de Montpellier<\/a><br \/>\n<\/strong><\/p>\n<p><a href=\"https:\/\/portfolio.uqac.ca\/yannickfrancillette\/files\/2019\/09\/UM_logo.png\"><img loading=\"lazy\" decoding=\"async\" class=\"wp-image-188 size-thumbnail alignleft\" src=\"https:\/\/portfolio.uqac.ca\/yannickfrancillette\/files\/2019\/09\/UM_logo-150x150.png\" width=\"150\" height=\"150\" srcset=\"https:\/\/portfolio.uqac.ca\/yannickfrancillette\/files\/2019\/09\/UM_logo-150x150.png 150w, https:\/\/portfolio.uqac.ca\/yannickfrancillette\/files\/2019\/09\/UM_logo.png 200w\" sizes=\"(max-width: 150px) 100vw, 150px\" \/><\/a><\/p>\n<p>&nbsp;<\/p>\n<h2><strong>\u00a0<\/strong><\/h2>\n","protected":false},"excerpt":{"rendered":"<p>Dipl\u00f4mes Post-doctorat en informatique \u00e0 l&#8217;Universit\u00e9 du Qu\u00e9bec \u00e0 Chicoutimi au LIARA Doctorat en informatique\u00a0(Ph.D.) \u00e0 l&#8217;Universit\u00e9 de Montpellier &nbsp; \u00a0<\/p>\n","protected":false},"author":89,"featured_media":0,"parent":0,"menu_order":0,"comment_status":"closed","ping_status":"closed","template":"","meta":{"footnotes":""},"tags":[],"_links":{"self":[{"href":"https:\/\/portfolio.uqac.ca\/yannickfrancillette\/wp-json\/wp\/v2\/pages\/27"}],"collection":[{"href":"https:\/\/portfolio.uqac.ca\/yannickfrancillette\/wp-json\/wp\/v2\/pages"}],"about":[{"href":"https:\/\/portfolio.uqac.ca\/yannickfrancillette\/wp-json\/wp\/v2\/types\/page"}],"author":[{"embeddable":true,"href":"https:\/\/portfolio.uqac.ca\/yannickfrancillette\/wp-json\/wp\/v2\/users\/89"}],"replies":[{"embeddable":true,"href":"https:\/\/portfolio.uqac.ca\/yannickfrancillette\/wp-json\/wp\/v2\/comments?post=27"}],"version-history":[{"count":8,"href":"https:\/\/portfolio.uqac.ca\/yannickfrancillette\/wp-json\/wp\/v2\/pages\/27\/revisions"}],"predecessor-version":[{"id":211,"href":"https:\/\/portfolio.uqac.ca\/yannickfrancillette\/wp-json\/wp\/v2\/pages\/27\/revisions\/211"}],"wp:attachment":[{"href":"https:\/\/portfolio.uqac.ca\/yannickfrancillette\/wp-json\/wp\/v2\/media?parent=27"}],"wp:term":[{"taxonomy":"post_tag","embeddable":true,"href":"https:\/\/portfolio.uqac.ca\/yannickfrancillette\/wp-json\/wp\/v2\/tags?post=27"}],"curies":[{"name":"wp","href":"https:\/\/api.w.org\/{rel}","templated":true}]}}