{"id":4,"date":"2019-09-03T11:48:29","date_gmt":"2019-09-03T15:48:29","guid":{"rendered":"http:\/\/portfolio-pre.uqac.ca\/gabarit\/?page_id=4"},"modified":"2025-03-24T05:58:35","modified_gmt":"2025-03-24T09:58:35","slug":"presentatio","status":"publish","type":"page","link":"https:\/\/portfolio.uqac.ca\/yannickfrancillette\/","title":{"rendered":"Pr\u00e9sentation"},"content":{"rendered":"<h2>Yannick Francillette<\/h2>\n<p>Professeur au d\u00e9partement\u00a0d\u2019informatique et de math\u00e9matique<\/p>\n<h2>Champs d&#8217;int\u00e9r\u00eat<\/h2>\n<ul>\n<li>M\u00e9thodes d&#8217;analyse de la difficult\u00e9 dans les jeux<\/li>\n<li>Outils de conception et d\u00e9veloppement de jeux vid\u00e9o<\/li>\n<li>Jeux s\u00e9rieux<\/li>\n<li>Syst\u00e8mes adaptatifs<\/li>\n<\/ul>\n","protected":false},"excerpt":{"rendered":"<p>Yannick Francillette Professeur au d\u00e9partement\u00a0d\u2019informatique et de math\u00e9matique Champs d&#8217;int\u00e9r\u00eat M\u00e9thodes d&#8217;analyse de la difficult\u00e9 dans les jeux Outils de conception et d\u00e9veloppement de jeux vid\u00e9o Jeux s\u00e9rieux Syst\u00e8mes adaptatifs<\/p>\n","protected":false},"author":89,"featured_media":0,"parent":0,"menu_order":0,"comment_status":"closed","ping_status":"closed","template":"","meta":{"footnotes":""},"tags":[],"_links":{"self":[{"href":"https:\/\/portfolio.uqac.ca\/yannickfrancillette\/wp-json\/wp\/v2\/pages\/4"}],"collection":[{"href":"https:\/\/portfolio.uqac.ca\/yannickfrancillette\/wp-json\/wp\/v2\/pages"}],"about":[{"href":"https:\/\/portfolio.uqac.ca\/yannickfrancillette\/wp-json\/wp\/v2\/types\/page"}],"author":[{"embeddable":true,"href":"https:\/\/portfolio.uqac.ca\/yannickfrancillette\/wp-json\/wp\/v2\/users\/89"}],"replies":[{"embeddable":true,"href":"https:\/\/portfolio.uqac.ca\/yannickfrancillette\/wp-json\/wp\/v2\/comments?post=4"}],"version-history":[{"count":22,"href":"https:\/\/portfolio.uqac.ca\/yannickfrancillette\/wp-json\/wp\/v2\/pages\/4\/revisions"}],"predecessor-version":[{"id":224,"href":"https:\/\/portfolio.uqac.ca\/yannickfrancillette\/wp-json\/wp\/v2\/pages\/4\/revisions\/224"}],"wp:attachment":[{"href":"https:\/\/portfolio.uqac.ca\/yannickfrancillette\/wp-json\/wp\/v2\/media?parent=4"}],"wp:term":[{"taxonomy":"post_tag","embeddable":true,"href":"https:\/\/portfolio.uqac.ca\/yannickfrancillette\/wp-json\/wp\/v2\/tags?post=4"}],"curies":[{"name":"wp","href":"https:\/\/api.w.org\/{rel}","templated":true}]}}